{"id":811,"date":"2024-02-28T09:18:17","date_gmt":"2024-02-28T08:18:17","guid":{"rendered":"https:\/\/pivot.door-filipek.pl\/strona-glowna\/"},"modified":"2024-06-17T15:59:31","modified_gmt":"2024-06-17T13:59:31","slug":"strona-glowna","status":"publish","type":"page","link":"https:\/\/pivot.door-filipek.pl\/en\/","title":{"rendered":"Homepage"},"content":{"rendered":"","protected":false},"excerpt":{"rendered":"","protected":false},"author":1,"featured_media":0,"parent":0,"menu_order":41,"comment_status":"closed","ping_status":"open","template":"","meta":{"_acf_changed":false,"footnotes":""},"class_list":["post-811","page","type-page","status-publish","hentry"],"acf":[],"yoast_head":"<!-- This site is optimized with the Yoast SEO plugin v25.9 - https:\/\/yoast.com\/wordpress\/plugins\/seo\/ -->\n<title>Homepage - PIVOT DOOR Filipek<\/title>\n<meta name=\"robots\" content=\"index, follow, max-snippet:-1, max-image-preview:large, max-video-preview:-1\" \/>\n<link rel=\"canonical\" href=\"https:\/\/pivot.door-filipek.pl\/en\/\" \/>\n<meta property=\"og:locale\" content=\"en_US\" \/>\n<meta property=\"og:type\" content=\"article\" \/>\n<meta property=\"og:title\" content=\"Homepage - PIVOT DOOR Filipek\" \/>\n<meta property=\"og:url\" content=\"https:\/\/pivot.door-filipek.pl\/en\/\" \/>\n<meta property=\"og:site_name\" content=\"PIVOT DOOR Filipek\" \/>\n<meta property=\"article:modified_time\" content=\"2024-06-17T13:59:31+00:00\" \/>\n<meta name=\"twitter:card\" content=\"summary_large_image\" \/>\n<script type=\"application\/ld+json\" class=\"yoast-schema-graph\">{\"@context\":\"https:\/\/schema.org\",\"@graph\":[{\"@type\":\"WebPage\",\"@id\":\"https:\/\/pivot.door-filipek.pl\/en\/\",\"url\":\"https:\/\/pivot.door-filipek.pl\/en\/\",\"name\":\"Homepage - PIVOT DOOR Filipek\",\"isPartOf\":{\"@id\":\"https:\/\/pivot.door-filipek.pl\/en\/#website\"},\"datePublished\":\"2024-02-28T08:18:17+00:00\",\"dateModified\":\"2024-06-17T13:59:31+00:00\",\"inLanguage\":\"en-US\",\"potentialAction\":[{\"@type\":\"ReadAction\",\"target\":[\"https:\/\/pivot.door-filipek.pl\/en\/\"]}]},{\"@type\":\"WebSite\",\"@id\":\"https:\/\/pivot.door-filipek.pl\/en\/#website\",\"url\":\"https:\/\/pivot.door-filipek.pl\/en\/\",\"name\":\"PIVOT DOOR Filipek\",\"description\":\"Jeste\u015bmy producentem wype\u0142nie\u0144 drzwiowych. Dostarczamy innowacyjne produkty o wysokiej jako\u015bci wykonania z zastosowaniem nowoczesnych technologii, kt\u00f3re tworzymy w oparciu o naturalne surowce. Zapraszamy do wsp\u00f3\u0142pracy\",\"potentialAction\":[{\"@type\":\"SearchAction\",\"target\":{\"@type\":\"EntryPoint\",\"urlTemplate\":\"https:\/\/pivot.door-filipek.pl\/en\/?s={search_term_string}\"},\"query-input\":{\"@type\":\"PropertyValueSpecification\",\"valueRequired\":true,\"valueName\":\"search_term_string\"}}],\"inLanguage\":\"en-US\"}]}<\/script>\n<!-- \/ Yoast SEO plugin. -->","yoast_head_json":{"title":"Homepage - PIVOT DOOR Filipek","robots":{"index":"index","follow":"follow","max-snippet":"max-snippet:-1","max-image-preview":"max-image-preview:large","max-video-preview":"max-video-preview:-1"},"canonical":"https:\/\/pivot.door-filipek.pl\/en\/","og_locale":"en_US","og_type":"article","og_title":"Homepage - PIVOT DOOR Filipek","og_url":"https:\/\/pivot.door-filipek.pl\/en\/","og_site_name":"PIVOT DOOR Filipek","article_modified_time":"2024-06-17T13:59:31+00:00","twitter_card":"summary_large_image","schema":{"@context":"https:\/\/schema.org","@graph":[{"@type":"WebPage","@id":"https:\/\/pivot.door-filipek.pl\/en\/","url":"https:\/\/pivot.door-filipek.pl\/en\/","name":"Homepage - PIVOT DOOR Filipek","isPartOf":{"@id":"https:\/\/pivot.door-filipek.pl\/en\/#website"},"datePublished":"2024-02-28T08:18:17+00:00","dateModified":"2024-06-17T13:59:31+00:00","inLanguage":"en-US","potentialAction":[{"@type":"ReadAction","target":["https:\/\/pivot.door-filipek.pl\/en\/"]}]},{"@type":"WebSite","@id":"https:\/\/pivot.door-filipek.pl\/en\/#website","url":"https:\/\/pivot.door-filipek.pl\/en\/","name":"PIVOT DOOR Filipek","description":"Jeste\u015bmy producentem wype\u0142nie\u0144 drzwiowych. Dostarczamy innowacyjne produkty o wysokiej jako\u015bci wykonania z zastosowaniem nowoczesnych technologii, kt\u00f3re tworzymy w oparciu o naturalne surowce. Zapraszamy do wsp\u00f3\u0142pracy","potentialAction":[{"@type":"SearchAction","target":{"@type":"EntryPoint","urlTemplate":"https:\/\/pivot.door-filipek.pl\/en\/?s={search_term_string}"},"query-input":{"@type":"PropertyValueSpecification","valueRequired":true,"valueName":"search_term_string"}}],"inLanguage":"en-US"}]}},"_links":{"self":[{"href":"https:\/\/pivot.door-filipek.pl\/en\/wp-json\/wp\/v2\/pages\/811","targetHints":{"allow":["GET"]}}],"collection":[{"href":"https:\/\/pivot.door-filipek.pl\/en\/wp-json\/wp\/v2\/pages"}],"about":[{"href":"https:\/\/pivot.door-filipek.pl\/en\/wp-json\/wp\/v2\/types\/page"}],"author":[{"embeddable":true,"href":"https:\/\/pivot.door-filipek.pl\/en\/wp-json\/wp\/v2\/users\/1"}],"replies":[{"embeddable":true,"href":"https:\/\/pivot.door-filipek.pl\/en\/wp-json\/wp\/v2\/comments?post=811"}],"version-history":[{"count":25,"href":"https:\/\/pivot.door-filipek.pl\/en\/wp-json\/wp\/v2\/pages\/811\/revisions"}],"predecessor-version":[{"id":1859,"href":"https:\/\/pivot.door-filipek.pl\/en\/wp-json\/wp\/v2\/pages\/811\/revisions\/1859"}],"wp:attachment":[{"href":"https:\/\/pivot.door-filipek.pl\/en\/wp-json\/wp\/v2\/media?parent=811"}],"curies":[{"name":"wp","href":"https:\/\/api.w.org\/{rel}","templated":true}]}}